{"id":12,"date":"2015-04-05T20:20:23","date_gmt":"2015-04-05T18:20:23","guid":{"rendered":"http:\/\/wp.laienspielschar-schaffhausen.de\/?page_id=12"},"modified":"2024-09-04T14:59:36","modified_gmt":"2024-09-04T12:59:36","slug":"verein","status":"publish","type":"page","link":"https:\/\/www.laienspielschar-schaffhausen.de\/?page_id=12","title":{"rendered":"Unsere Theatergruppe"},"content":{"rendered":"<p><strong><a href=\"https:\/\/www.laienspielschar-schaffhausen.de\/wp-content\/uploads\/2024\/09\/Screenshot_20240904_012544_Google.jpg\"><img loading=\"lazy\" decoding=\"async\" class=\"alignnone size-large wp-image-637\" src=\"https:\/\/www.laienspielschar-schaffhausen.de\/wp-content\/uploads\/2024\/09\/Screenshot_20240904_012544_Google-1024x552.jpg\" alt=\"\" width=\"750\" height=\"404\" srcset=\"https:\/\/www.laienspielschar-schaffhausen.de\/wp-content\/uploads\/2024\/09\/Screenshot_20240904_012544_Google-1024x552.jpg 1024w, https:\/\/www.laienspielschar-schaffhausen.de\/wp-content\/uploads\/2024\/09\/Screenshot_20240904_012544_Google-300x162.jpg 300w, https:\/\/www.laienspielschar-schaffhausen.de\/wp-content\/uploads\/2024\/09\/Screenshot_20240904_012544_Google-768x414.jpg 768w, https:\/\/www.laienspielschar-schaffhausen.de\/wp-content\/uploads\/2024\/09\/Screenshot_20240904_012544_Google.jpg 1080w\" sizes=\"auto, (max-width: 750px) 100vw, 750px\" \/><\/a>Laienspielschar der Ev. Kirchengemeinde Schaffhausen<\/strong><\/p>\n<p>&#8211; Kurzform: Laienspielschar Schaffhausen<\/p>\n<p><strong>Gegr\u00fcndet:<\/strong><br \/>\n1983<\/p>\n<p><strong>Dachorganisation:<\/strong><br \/>\nEvangelische Kirchengemeinde<br \/>\nWadgassen-Schaffhausen<\/p>\n<p><strong>Spielst\u00e4tte:<\/strong><br \/>\nEv. Gemeindehaus der Kirche, Schulstra\u00dfe 46, 66787 Wadgassen-Schaffhausen<\/p>\n<p><strong>Spielleitung:<\/strong><\/p>\n<p><a href=\"https:\/\/www.laienspielschar-schaffhausen.de\/wp-content\/uploads\/2024\/09\/Screenshot_20240904_012853_Instagram.jpg\"><img loading=\"lazy\" decoding=\"async\" class=\"alignnone size-large wp-image-638\" src=\"https:\/\/www.laienspielschar-schaffhausen.de\/wp-content\/uploads\/2024\/09\/Screenshot_20240904_012853_Instagram-1024x947.jpg\" alt=\"\" width=\"750\" height=\"694\" srcset=\"https:\/\/www.laienspielschar-schaffhausen.de\/wp-content\/uploads\/2024\/09\/Screenshot_20240904_012853_Instagram-1024x947.jpg 1024w, https:\/\/www.laienspielschar-schaffhausen.de\/wp-content\/uploads\/2024\/09\/Screenshot_20240904_012853_Instagram-300x278.jpg 300w, https:\/\/www.laienspielschar-schaffhausen.de\/wp-content\/uploads\/2024\/09\/Screenshot_20240904_012853_Instagram-768x710.jpg 768w, https:\/\/www.laienspielschar-schaffhausen.de\/wp-content\/uploads\/2024\/09\/Screenshot_20240904_012853_Instagram.jpg 1080w\" sizes=\"auto, (max-width: 750px) 100vw, 750px\" \/><\/a><br \/>\nEva Ulrich und Mathias Prem<\/p>\n<p><strong>Die Mitglieder:<\/strong><\/p>\n<p>Unsere Theatergruppe besteht aus rund 45 Mitgliedern im Alter von 1 bis \u00fcber 85 Jahren.<\/p>\n<p><a href=\"https:\/\/www.laienspielschar-schaffhausen.de\/wp-content\/uploads\/2024\/09\/Screenshot_20240904_012917_Instagram.jpg\"><img loading=\"lazy\" decoding=\"async\" class=\"alignnone size-large wp-image-639\" src=\"https:\/\/www.laienspielschar-schaffhausen.de\/wp-content\/uploads\/2024\/09\/Screenshot_20240904_012917_Instagram-1024x905.jpg\" alt=\"\" width=\"750\" height=\"663\" srcset=\"https:\/\/www.laienspielschar-schaffhausen.de\/wp-content\/uploads\/2024\/09\/Screenshot_20240904_012917_Instagram-1024x905.jpg 1024w, https:\/\/www.laienspielschar-schaffhausen.de\/wp-content\/uploads\/2024\/09\/Screenshot_20240904_012917_Instagram-300x265.jpg 300w, https:\/\/www.laienspielschar-schaffhausen.de\/wp-content\/uploads\/2024\/09\/Screenshot_20240904_012917_Instagram-768x679.jpg 768w, https:\/\/www.laienspielschar-schaffhausen.de\/wp-content\/uploads\/2024\/09\/Screenshot_20240904_012917_Instagram.jpg 1080w\" sizes=\"auto, (max-width: 750px) 100vw, 750px\" \/><\/a><\/p>\n<p><strong>Unser Theater<\/strong><\/p>\n<p>Unsere B\u00fchne grenzt, nur durch eine Stufe getrennt, unmittelbar an die ersten Zuschauerreihen. Sie steht uns ganzj\u00e4hrig zur Verf\u00fcgung, so dass wir mit viel Liebe B\u00fchnenbilder und Kulissen gestalten k\u00f6nnen.<\/p>\n<p><strong>Kinder und Jugendarbeit<\/strong><\/p>\n<p><a href=\"https:\/\/www.laienspielschar-schaffhausen.de\/wp-content\/uploads\/2024\/09\/Screenshot_20240904_145356_Instagram-scaled.jpg\"><img loading=\"lazy\" decoding=\"async\" class=\"alignnone size-large wp-image-658\" src=\"https:\/\/www.laienspielschar-schaffhausen.de\/wp-content\/uploads\/2024\/09\/Screenshot_20240904_145356_Instagram-1024x852.jpg\" alt=\"\" width=\"750\" height=\"624\" srcset=\"https:\/\/www.laienspielschar-schaffhausen.de\/wp-content\/uploads\/2024\/09\/Screenshot_20240904_145356_Instagram-1024x852.jpg 1024w, https:\/\/www.laienspielschar-schaffhausen.de\/wp-content\/uploads\/2024\/09\/Screenshot_20240904_145356_Instagram-300x250.jpg 300w, https:\/\/www.laienspielschar-schaffhausen.de\/wp-content\/uploads\/2024\/09\/Screenshot_20240904_145356_Instagram-768x639.jpg 768w, https:\/\/www.laienspielschar-schaffhausen.de\/wp-content\/uploads\/2024\/09\/Screenshot_20240904_145356_Instagram-1536x1278.jpg 1536w, https:\/\/www.laienspielschar-schaffhausen.de\/wp-content\/uploads\/2024\/09\/Screenshot_20240904_145356_Instagram-2048x1704.jpg 2048w\" sizes=\"auto, (max-width: 750px) 100vw, 750px\" \/><\/a><\/p>\n<p>Seit 2003 setzt unsere Spielleitung Kinder und Jugendliche verst\u00e4rkt in unterschiedlichen gro\u00dfen Rollen zusammen mit erwachsenen Schauspielern ein. Unser Nachwuchs geh\u00f6rt zum Gro\u00dfteil schon viele Jahre zu unserem Team. Dadurch k\u00f6nnen wir deren Talente f\u00f6rdern und ausbauen.<\/p>\n<p><strong>Unsere Vorbereitungen<\/strong><\/p>\n<p><a href=\"https:\/\/www.laienspielschar-schaffhausen.de\/wp-content\/uploads\/2024\/09\/IMG-20240603-WA0006.jpg\"><img loading=\"lazy\" decoding=\"async\" class=\"alignnone size-large wp-image-648\" src=\"https:\/\/www.laienspielschar-schaffhausen.de\/wp-content\/uploads\/2024\/09\/IMG-20240603-WA0006-768x1024.jpg\" alt=\"\" width=\"750\" height=\"1000\" srcset=\"https:\/\/www.laienspielschar-schaffhausen.de\/wp-content\/uploads\/2024\/09\/IMG-20240603-WA0006-768x1024.jpg 768w, https:\/\/www.laienspielschar-schaffhausen.de\/wp-content\/uploads\/2024\/09\/IMG-20240603-WA0006-225x300.jpg 225w, https:\/\/www.laienspielschar-schaffhausen.de\/wp-content\/uploads\/2024\/09\/IMG-20240603-WA0006-1152x1536.jpg 1152w, https:\/\/www.laienspielschar-schaffhausen.de\/wp-content\/uploads\/2024\/09\/IMG-20240603-WA0006.jpg 1200w\" sizes=\"auto, (max-width: 750px) 100vw, 750px\" \/><\/a><\/p>\n<p>Schon Anfang des Jahres entscheiden wir uns f\u00fcr ein M\u00e4rchen f\u00fcr die kommende Saison. Seit einigen Jahren schreiben wir unsere Theaterst\u00fccke selbst. So bekommt jeder Schauspieler eine passende Rolle geschrieben und zugeteilt.<\/p>\n<p>Ab Mai stellen wir die Tanzgruppe zusammen und beginnen mit den Leseproben. Im 2. Halbjahr laufen die Arbeiten auf und hinter der B\u00fchne (Kost\u00fcme, Kulissen, B\u00fchnenmalerei, Licht, Musik, Veranstaltungsmanagement) auf Hochtouren.<\/p>\n<p><strong>Weiterbildung<\/strong><\/p>\n<p><a href=\"https:\/\/www.laienspielschar-schaffhausen.de\/wp-content\/uploads\/2024\/09\/Screenshot_20240904_012908_Instagram.jpg\"><img loading=\"lazy\" decoding=\"async\" class=\"alignnone size-large wp-image-640\" src=\"https:\/\/www.laienspielschar-schaffhausen.de\/wp-content\/uploads\/2024\/09\/Screenshot_20240904_012908_Instagram-1024x994.jpg\" alt=\"\" width=\"750\" height=\"728\" srcset=\"https:\/\/www.laienspielschar-schaffhausen.de\/wp-content\/uploads\/2024\/09\/Screenshot_20240904_012908_Instagram-1024x994.jpg 1024w, https:\/\/www.laienspielschar-schaffhausen.de\/wp-content\/uploads\/2024\/09\/Screenshot_20240904_012908_Instagram-300x291.jpg 300w, https:\/\/www.laienspielschar-schaffhausen.de\/wp-content\/uploads\/2024\/09\/Screenshot_20240904_012908_Instagram-768x745.jpg 768w, https:\/\/www.laienspielschar-schaffhausen.de\/wp-content\/uploads\/2024\/09\/Screenshot_20240904_012908_Instagram.jpg 1080w\" sizes=\"auto, (max-width: 750px) 100vw, 750px\" \/><\/a><\/p>\n<p>Durch unsere Mitgliedschaft im Saarl\u00e4ndischen Volksb\u00fchnenbund (SVB) nehmen wir an verschiedenen Lehrg\u00e4ngen, z. B. \u201cRegie\u201d, &#8222;B\u00fchnenbau&#8220; und \u201cNachwuchsschauspieler\u201d, teil.<\/p>\n<p><strong>Unsere Freizeitaktivit\u00e4ten<\/strong><\/p>\n<p><a href=\"https:\/\/www.laienspielschar-schaffhausen.de\/wp-content\/uploads\/2024\/09\/Screenshot_20240904_013746_Instagram.jpg\"><img loading=\"lazy\" decoding=\"async\" class=\"alignnone size-large wp-image-641\" src=\"https:\/\/www.laienspielschar-schaffhausen.de\/wp-content\/uploads\/2024\/09\/Screenshot_20240904_013746_Instagram-1024x999.jpg\" alt=\"\" width=\"750\" height=\"732\" srcset=\"https:\/\/www.laienspielschar-schaffhausen.de\/wp-content\/uploads\/2024\/09\/Screenshot_20240904_013746_Instagram-1024x999.jpg 1024w, https:\/\/www.laienspielschar-schaffhausen.de\/wp-content\/uploads\/2024\/09\/Screenshot_20240904_013746_Instagram-300x293.jpg 300w, https:\/\/www.laienspielschar-schaffhausen.de\/wp-content\/uploads\/2024\/09\/Screenshot_20240904_013746_Instagram-768x750.jpg 768w, https:\/\/www.laienspielschar-schaffhausen.de\/wp-content\/uploads\/2024\/09\/Screenshot_20240904_013746_Instagram.jpg 1080w\" sizes=\"auto, (max-width: 750px) 100vw, 750px\" \/><\/a><\/p>\n<p>Einmal im Jahr leisten wir uns einen gr\u00f6\u00dferen Ausflug oder verbringen ein Wochenende gemeinsam in einer Freizeitanlage. Au\u00dferdem stehen immer mal wieder gemeinsame Theaterbesuche, Ausfl\u00fcge und kleine Feiern auf dem Programm.<\/p>\n<p><a href=\"https:\/\/www.laienspielschar-schaffhausen.de\/wp-content\/uploads\/2024\/09\/IMG-20240209-WA0026.jpg\"><img loading=\"lazy\" decoding=\"async\" class=\"alignnone size-large wp-image-644\" src=\"https:\/\/www.laienspielschar-schaffhausen.de\/wp-content\/uploads\/2024\/09\/IMG-20240209-WA0026.jpg\" alt=\"\" width=\"750\" height=\"563\" srcset=\"https:\/\/www.laienspielschar-schaffhausen.de\/wp-content\/uploads\/2024\/09\/IMG-20240209-WA0026.jpg 1024w, https:\/\/www.laienspielschar-schaffhausen.de\/wp-content\/uploads\/2024\/09\/IMG-20240209-WA0026-300x225.jpg 300w, https:\/\/www.laienspielschar-schaffhausen.de\/wp-content\/uploads\/2024\/09\/IMG-20240209-WA0026-768x576.jpg 768w\" sizes=\"auto, (max-width: 750px) 100vw, 750px\" \/><\/a> <a href=\"https:\/\/www.laienspielschar-schaffhausen.de\/wp-content\/uploads\/2024\/09\/IMG-20231217-WA0000.jpg\"><img loading=\"lazy\" decoding=\"async\" class=\"alignnone size-large wp-image-645\" src=\"https:\/\/www.laienspielschar-schaffhausen.de\/wp-content\/uploads\/2024\/09\/IMG-20231217-WA0000.jpg\" alt=\"\" width=\"750\" height=\"563\" srcset=\"https:\/\/www.laienspielschar-schaffhausen.de\/wp-content\/uploads\/2024\/09\/IMG-20231217-WA0000.jpg 1024w, https:\/\/www.laienspielschar-schaffhausen.de\/wp-content\/uploads\/2024\/09\/IMG-20231217-WA0000-300x225.jpg 300w, https:\/\/www.laienspielschar-schaffhausen.de\/wp-content\/uploads\/2024\/09\/IMG-20231217-WA0000-768x576.jpg 768w\" sizes=\"auto, (max-width: 750px) 100vw, 750px\" \/><\/a> <a href=\"https:\/\/www.laienspielschar-schaffhausen.de\/wp-content\/uploads\/2024\/09\/IMG-20230623-WA0006.jpg\"><img loading=\"lazy\" decoding=\"async\" class=\"alignnone size-large wp-image-646\" src=\"https:\/\/www.laienspielschar-schaffhausen.de\/wp-content\/uploads\/2024\/09\/IMG-20230623-WA0006-819x1024.jpg\" alt=\"\" width=\"750\" height=\"938\" srcset=\"https:\/\/www.laienspielschar-schaffhausen.de\/wp-content\/uploads\/2024\/09\/IMG-20230623-WA0006-819x1024.jpg 819w, https:\/\/www.laienspielschar-schaffhausen.de\/wp-content\/uploads\/2024\/09\/IMG-20230623-WA0006-240x300.jpg 240w, https:\/\/www.laienspielschar-schaffhausen.de\/wp-content\/uploads\/2024\/09\/IMG-20230623-WA0006-768x960.jpg 768w, https:\/\/www.laienspielschar-schaffhausen.de\/wp-content\/uploads\/2024\/09\/IMG-20230623-WA0006-1229x1536.jpg 1229w, https:\/\/www.laienspielschar-schaffhausen.de\/wp-content\/uploads\/2024\/09\/IMG-20230623-WA0006.jpg 1280w\" sizes=\"auto, (max-width: 750px) 100vw, 750px\" \/><\/a> <a href=\"https:\/\/www.laienspielschar-schaffhausen.de\/wp-content\/uploads\/2024\/09\/IMG-20211219-WA0011.jpg\"><img loading=\"lazy\" decoding=\"async\" class=\"alignnone size-large wp-image-647\" src=\"https:\/\/www.laienspielschar-schaffhausen.de\/wp-content\/uploads\/2024\/09\/IMG-20211219-WA0011-1024x768.jpg\" alt=\"\" width=\"750\" height=\"563\" srcset=\"https:\/\/www.laienspielschar-schaffhausen.de\/wp-content\/uploads\/2024\/09\/IMG-20211219-WA0011-1024x768.jpg 1024w, https:\/\/www.laienspielschar-schaffhausen.de\/wp-content\/uploads\/2024\/09\/IMG-20211219-WA0011-300x225.jpg 300w, https:\/\/www.laienspielschar-schaffhausen.de\/wp-content\/uploads\/2024\/09\/IMG-20211219-WA0011-768x576.jpg 768w, https:\/\/www.laienspielschar-schaffhausen.de\/wp-content\/uploads\/2024\/09\/IMG-20211219-WA0011-1536x1152.jpg 1536w, https:\/\/www.laienspielschar-schaffhausen.de\/wp-content\/uploads\/2024\/09\/IMG-20211219-WA0011.jpg 1824w\" sizes=\"auto, (max-width: 750px) 100vw, 750px\" \/><\/a><\/p>\n","protected":false},"excerpt":{"rendered":"<p>Laienspielschar der Ev. Kirchengemeinde Schaffhausen &#8211; Kurzform: Laienspielschar Schaffhausen Gegr\u00fcndet: 1983 Dachorganisation: Evangelische Kirchengemeinde Wadgassen-Schaffhausen Spielst\u00e4tte: Ev. Gemeindehaus der Kirche, Schulstra\u00dfe 46, 66787 Wadgassen-Schaffhausen Spielleitung: Eva Ulrich und Mathias Prem Die Mitglieder: Unsere Theatergruppe besteht aus rund 45 Mitgliedern im<\/p>\n","protected":false},"author":1,"featured_media":0,"parent":0,"menu_order":0,"comment_status":"closed","ping_status":"closed","template":"","meta":{"footnotes":""},"class_list":["post-12","page","type-page","status-publish","hentry","","tg-column-two"],"_links":{"self":[{"href":"https:\/\/www.laienspielschar-schaffhausen.de\/index.php?rest_route=\/wp\/v2\/pages\/12","targetHints":{"allow":["GET"]}}],"collection":[{"href":"https:\/\/www.laienspielschar-schaffhausen.de\/index.php?rest_route=\/wp\/v2\/pages"}],"about":[{"href":"https:\/\/www.laienspielschar-schaffhausen.de\/index.php?rest_route=\/wp\/v2\/types\/page"}],"author":[{"embeddable":true,"href":"https:\/\/www.laienspielschar-schaffhausen.de\/index.php?rest_route=\/wp\/v2\/users\/1"}],"replies":[{"embeddable":true,"href":"https:\/\/www.laienspielschar-schaffhausen.de\/index.php?rest_route=%2Fwp%2Fv2%2Fcomments&post=12"}],"version-history":[{"count":11,"href":"https:\/\/www.laienspielschar-schaffhausen.de\/index.php?rest_route=\/wp\/v2\/pages\/12\/revisions"}],"predecessor-version":[{"id":659,"href":"https:\/\/www.laienspielschar-schaffhausen.de\/index.php?rest_route=\/wp\/v2\/pages\/12\/revisions\/659"}],"wp:attachment":[{"href":"https:\/\/www.laienspielschar-schaffhausen.de\/index.php?rest_route=%2Fwp%2Fv2%2Fmedia&parent=12"}],"curies":[{"name":"wp","href":"https:\/\/api.w.org\/{rel}","templated":true}]}}